{"id":2026,"date":"2021-07-23T14:34:57","date_gmt":"2021-07-23T12:34:57","guid":{"rendered":"https:\/\/gardahomeproject.it\/lagenzia\/"},"modified":"2023-08-11T16:03:11","modified_gmt":"2023-08-11T14:03:11","slug":"immobiliengesellschaft","status":"publish","type":"page","link":"https:\/\/gardahomeproject.it\/de\/immobiliengesellschaft\/","title":{"rendered":"Immobiliengesellschaft"},"content":{"rendered":"<p class=\"myparagraph\">GardaHomeProject wurde mit einem prim\u00e4ren Ziel geboren: den richtigen Kunden f\u00fcr die richtige Immobilie zu finden.<br \/>\nSeriosit\u00e4t, Integrit\u00e4t, intellektuelle Best\u00e4ndigkeit und viel Elan, Motivation, Zielstrebigkeit &#8230; Dies sind nur einige der Eigenschaften, die unser Team zu bieten hat.<br \/>\nDu m\u00f6chtest mit uns zusammenarbeiten? Treffe dich mit uns und lass uns miteinander reden!<br \/>\nEin Team im Dienst des Kunden, ob Immobilieneigent\u00fcmer auf der Suche nach einem geeigneten K\u00e4ufer oder potenzieller K\u00e4ufer, der versucht, sein Traumhaus am See zu finden.<br \/>\nM\u00f6chtest du dir unsere Anzeigen ansehen?<br \/>\n<a href=\"https:\/\/gardahomeproject.it\/de\/immobilien-zum-verkauf\/\">Hier klicken!<\/a><\/p>\n<p><img decoding=\"async\" loading=\"lazy\" class=\"alignnone wp-image-31249 size-full\" src=\"https:\/\/gardahomeproject.it\/wp-content\/uploads\/2022\/04\/ufficio1.jpg\" alt=\"\" width=\"1920\" height=\"1440\" srcset=\"https:\/\/gardahomeproject.it\/wp-content\/uploads\/2022\/04\/ufficio1.jpg 1920w, https:\/\/gardahomeproject.it\/wp-content\/uploads\/2022\/04\/ufficio1-300x225.jpg 300w, https:\/\/gardahomeproject.it\/wp-content\/uploads\/2022\/04\/ufficio1-1024x768.jpg 1024w, https:\/\/gardahomeproject.it\/wp-content\/uploads\/2022\/04\/ufficio1-768x576.jpg 768w, https:\/\/gardahomeproject.it\/wp-content\/uploads\/2022\/04\/ufficio1-1536x1152.jpg 1536w, https:\/\/gardahomeproject.it\/wp-content\/uploads\/2022\/04\/ufficio1-800x600.jpg 800w\" sizes=\"(max-width: 1920px) 100vw, 1920px\" \/><\/p>\n<p class=\"myparagraph\">Tr\u00e4ume werden mit Entschlossenheit, Fokus und Hingabe wahr. Worauf wartest du noch?<br \/>\nKomm bei uns vorbei!<br \/>\nSie k\u00f6nnen uns in unserem B\u00fcro in Bardolino finden, das nach der Kunst des Feng-Shui eingerichtet ist, um den positiven Energiefluss von Mutter Erde zu nutzen.<br \/>\nWir erwarten dich<\/p>\n<p class=\"myparagraph\">IL TEAM GHP<\/p>\n\n\t\t<style>\n\t\t\t#gallery-1 {\n\t\t\t\tmargin: auto;\n\t\t\t}\n\t\t\t#gallery-1 .gallery-item {\n\t\t\t\tfloat: left;\n\t\t\t\tmargin-top: 10px;\n\t\t\t\ttext-align: center;\n\t\t\t\twidth: 33%;\n\t\t\t}\n\t\t\t#gallery-1 img {\n\t\t\t\tborder: 2px solid #cfcfcf;\n\t\t\t}\n\t\t\t#gallery-1 .gallery-caption {\n\t\t\t\tmargin-left: 0;\n\t\t\t}\n\t\t\t\/* see gallery_shortcode() in wp-includes\/media.php *\/\n\t\t<\/style>\n\t\t<div id='gallery-1' class='gallery galleryid-2026 gallery-columns-3 gallery-size-medium'><dl class='gallery-item'>\n\t\t\t<dt class='gallery-icon landscape'>\n\t\t\t\t<img width=\"300\" height=\"169\" src=\"https:\/\/gardahomeproject.it\/wp-content\/uploads\/2023\/06\/post_anna-300x169.jpg\" class=\"attachment-medium size-medium\" alt=\"\" decoding=\"async\" loading=\"lazy\" srcset=\"https:\/\/gardahomeproject.it\/wp-content\/uploads\/2023\/06\/post_anna-300x169.jpg 300w, https:\/\/gardahomeproject.it\/wp-content\/uploads\/2023\/06\/post_anna-1024x576.jpg 1024w, https:\/\/gardahomeproject.it\/wp-content\/uploads\/2023\/06\/post_anna-768x432.jpg 768w, https:\/\/gardahomeproject.it\/wp-content\/uploads\/2023\/06\/post_anna-1536x864.jpg 1536w, https:\/\/gardahomeproject.it\/wp-content\/uploads\/2023\/06\/post_anna.jpg 1594w\" sizes=\"(max-width: 300px) 100vw, 300px\" \/>\n\t\t\t<\/dt><\/dl><dl class='gallery-item'>\n\t\t\t<dt class='gallery-icon landscape'>\n\t\t\t\t<img width=\"300\" height=\"169\" src=\"https:\/\/gardahomeproject.it\/wp-content\/uploads\/2023\/06\/postazionesara-300x169.jpg\" class=\"attachment-medium size-medium\" alt=\"\" decoding=\"async\" loading=\"lazy\" srcset=\"https:\/\/gardahomeproject.it\/wp-content\/uploads\/2023\/06\/postazionesara-300x169.jpg 300w, https:\/\/gardahomeproject.it\/wp-content\/uploads\/2023\/06\/postazionesara-1024x576.jpg 1024w, https:\/\/gardahomeproject.it\/wp-content\/uploads\/2023\/06\/postazionesara-768x432.jpg 768w, https:\/\/gardahomeproject.it\/wp-content\/uploads\/2023\/06\/postazionesara-1536x864.jpg 1536w, https:\/\/gardahomeproject.it\/wp-content\/uploads\/2023\/06\/postazionesara.jpg 1920w\" sizes=\"(max-width: 300px) 100vw, 300px\" \/>\n\t\t\t<\/dt><\/dl><dl class='gallery-item'>\n\t\t\t<dt class='gallery-icon landscape'>\n\t\t\t\t<img width=\"300\" height=\"169\" src=\"https:\/\/gardahomeproject.it\/wp-content\/uploads\/2023\/06\/post_armena-300x169.jpg\" class=\"attachment-medium size-medium\" alt=\"\" decoding=\"async\" loading=\"lazy\" srcset=\"https:\/\/gardahomeproject.it\/wp-content\/uploads\/2023\/06\/post_armena-300x169.jpg 300w, https:\/\/gardahomeproject.it\/wp-content\/uploads\/2023\/06\/post_armena-1024x576.jpg 1024w, https:\/\/gardahomeproject.it\/wp-content\/uploads\/2023\/06\/post_armena-768x432.jpg 768w, https:\/\/gardahomeproject.it\/wp-content\/uploads\/2023\/06\/post_armena-1536x864.jpg 1536w, https:\/\/gardahomeproject.it\/wp-content\/uploads\/2023\/06\/post_armena.jpg 1594w\" sizes=\"(max-width: 300px) 100vw, 300px\" \/>\n\t\t\t<\/dt><\/dl><br style=\"clear: both\" \/>\n\t\t<\/div>\n\n<h2 style=\"margin-top: 80px; margin-bottom: 40px; text-align: center;\">Unsere Partner<\/h2>\n<p>&nbsp;<\/p>\n<div class=\"row sedi \">\n<div class=\"col-md-4 offset-md-2 sede\">\n<div>\n<div class=\"card\">\n<p><img decoding=\"async\" src=\"https:\/\/gardahomeproject.it\/wp-content\/uploads\/2022\/04\/ballarini.jpg\" alt=\"Image\" \/><\/p>\n<div class=\"details\">\n<h3>Ballarini Interni<\/h3>\n<p>M\u00f6bel<\/p>\n<\/div>\n<p><a href=\"https:\/\/ballarini-interni.com\" target=\"_blank\" rel=\"noopener\">Besuchen Sie<\/a><\/p>\n<\/div>\n<\/div>\n<\/div>\n<div class=\"col-md-4 sede\">\n<div>\n<div class=\"card\">\n<p><img decoding=\"async\" src=\"https:\/\/gardahomeproject.it\/wp-content\/uploads\/2022\/04\/voltech.jpg\" alt=\"Image\" \/><\/p>\n<div class=\"details\">\n<h3>Voltech Impianti<\/h3>\n<p>Elektrische Anlagen<\/p>\n<\/div>\n<p><a href=\"https:\/\/www.instagram.com\/voltech_impianti\/\" target=\"_blank\" rel=\"noopener\">Besuchen Sie<\/a><\/p>\n<\/div>\n<\/div>\n<\/div>\n<div class=\"col-md-4 sede\">\n<div>\n<div class=\"card\">\n<p><img decoding=\"async\" src=\"https:\/\/gardahomeproject.it\/wp-content\/uploads\/2022\/05\/lascossa_logo.jpg\" alt=\"Image\" \/><\/p>\n<div class=\"details\">\n<h3>La Scossa<\/h3>\n<p>Schwimmb\u00e4der und Wellness<\/p>\n<\/div>\n<p><a href=\"https:\/\/www.lascossa.it\/\" target=\"_blank\" rel=\"noopener\">Besuchen Sie<\/a><\/p>\n<\/div>\n<\/div>\n<\/div>\n<\/div>\n","protected":false},"excerpt":{"rendered":"<p>GardaHomeProject wurde mit einem prim\u00e4ren Ziel geboren: den richtigen Kunden f\u00fcr die richtige Immobilie zu finden. Seriosit\u00e4t, Integrit\u00e4t, intellektuelle Best\u00e4ndigkeit und viel Elan, Motivation, Zielstrebigkeit &#8230; Dies sind nur einige&#46;&#46;&#46;<\/p>\n","protected":false},"author":1,"featured_media":0,"parent":0,"menu_order":0,"comment_status":"closed","ping_status":"closed","template":"","meta":{"_glsr_average":0,"_glsr_ranking":0,"_glsr_reviews":0},"_links":{"self":[{"href":"https:\/\/gardahomeproject.it\/de\/wp-json\/wp\/v2\/pages\/2026"}],"collection":[{"href":"https:\/\/gardahomeproject.it\/de\/wp-json\/wp\/v2\/pages"}],"about":[{"href":"https:\/\/gardahomeproject.it\/de\/wp-json\/wp\/v2\/types\/page"}],"author":[{"embeddable":true,"href":"https:\/\/gardahomeproject.it\/de\/wp-json\/wp\/v2\/users\/1"}],"replies":[{"embeddable":true,"href":"https:\/\/gardahomeproject.it\/de\/wp-json\/wp\/v2\/comments?post=2026"}],"version-history":[{"count":9,"href":"https:\/\/gardahomeproject.it\/de\/wp-json\/wp\/v2\/pages\/2026\/revisions"}],"predecessor-version":[{"id":200724,"href":"https:\/\/gardahomeproject.it\/de\/wp-json\/wp\/v2\/pages\/2026\/revisions\/200724"}],"wp:attachment":[{"href":"https:\/\/gardahomeproject.it\/de\/wp-json\/wp\/v2\/media?parent=2026"}],"curies":[{"name":"wp","href":"https:\/\/api.w.org\/{rel}","templated":true}]}}